{"id":15358,"date":"2020-03-20T09:25:11","date_gmt":"2020-03-20T09:25:11","guid":{"rendered":"https:\/\/www.iscaschool.com\/blog\/"},"modified":"2025-03-12T12:28:03","modified_gmt":"2025-03-12T12:28:03","slug":"blog","status":"publish","type":"page","link":"https:\/\/www.iscaschool.com\/pl\/blog\/","title":{"rendered":"Blog"},"content":{"rendered":"<p><div class=\"fusion-fullwidth fullwidth-box fusion-builder-row-1 fusion-flex-container has-pattern-background has-mask-background nonhundred-percent-fullwidth non-hundred-percent-height-scrolling\" style=\"--awb-border-radius-top-left:0px;--awb-border-radius-top-right:0px;--awb-border-radius-bottom-right:0px;--awb-border-radius-bottom-left:0px;--awb-flex-wrap:wrap;\" ><div class=\"fusion-builder-row fusion-row fusion-flex-align-items-flex-start fusion-flex-content-wrap\" style=\"max-width:1331.2px;margin-left: calc(-4% \/ 2 );margin-right: calc(-4% \/ 2 );\"><div class=\"fusion-layout-column fusion_builder_column fusion-builder-column-0 fusion_builder_column_1_1 1_1 fusion-flex-column\" style=\"--awb-bg-size:cover;--awb-width-large:100%;--awb-margin-top-large:10px;--awb-spacing-right-large:1.92%;--awb-margin-bottom-large:10px;--awb-spacing-left-large:1.92%;--awb-width-medium:100%;--awb-order-medium:0;--awb-spacing-right-medium:1.92%;--awb-spacing-left-medium:1.92%;--awb-width-small:100%;--awb-order-small:0;--awb-spacing-right-small:1.92%;--awb-spacing-left-small:1.92%;\"><div class=\"fusion-column-wrapper fusion-column-has-shadow fusion-flex-justify-content-flex-start fusion-content-layout-column\"><div class=\"fusion-text fusion-text-1\"><h1>Blog szko\u0142y j\u0119zyka angielskiego<\/h1>\n<\/div><\/div><\/div><\/div><\/div><div class=\"fusion-fullwidth fullwidth-box fusion-builder-row-2 fusion-flex-container has-pattern-background has-mask-background nonhundred-percent-fullwidth non-hundred-percent-height-scrolling\" style=\"--link_color: var(--awb-custom_color_2);--awb-background-position:left top;--awb-border-sizes-top:0px;--awb-border-sizes-bottom:0px;--awb-border-sizes-left:0px;--awb-border-sizes-right:0px;--awb-border-radius-top-left:0px;--awb-border-radius-top-right:0px;--awb-border-radius-bottom-right:0px;--awb-border-radius-bottom-left:0px;--awb-padding-top:110px;--awb-padding-bottom:13px;--awb-background-color:var(--awb-color1);--awb-flex-wrap:wrap;\" ><div class=\"fusion-builder-row fusion-row fusion-flex-align-items-flex-start fusion-flex-content-wrap\" style=\"max-width:1331.2px;margin-left: calc(-4% \/ 2 );margin-right: calc(-4% \/ 2 );\"><div class=\"fusion-layout-column fusion_builder_column fusion-builder-column-1 fusion_builder_column_2_3 2_3 fusion-flex-column\" style=\"--awb-bg-blend:overlay;--awb-bg-size:cover;--awb-width-large:66.666666666667%;--awb-margin-top-large:10px;--awb-spacing-right-large:3.84%;--awb-margin-bottom-large:10px;--awb-spacing-left-large:2.88%;--awb-width-medium:100%;--awb-spacing-right-medium:1.92%;--awb-spacing-left-medium:1.92%;--awb-width-small:100%;--awb-spacing-right-small:1.92%;--awb-spacing-left-small:1.92%;\"><div class=\"fusion-column-wrapper fusion-flex-justify-content-flex-start fusion-content-layout-column\"><div class=\"fusion-post-cards fusion-post-cards-1 fusion-animated awb-carousel awb-swiper awb-swiper-slider awb-swiper-dots-position-bottom\" style=\"--awb-arrow-size:20px;--awb-arrow-bgcolor:var(--awb-color4);--awb-arrow-hover-bgcolor:var(--awb-color4);--awb-dots-align:center;--awb-columns:2;--awb-active-filter-border-size:3px;--awb-filters-height:36px;\" data-animationType=\"slideInLeft\" data-animationDuration=\"0.3\" data-animationOffset=\"top-into-view\" data-autoplay=\"yes\" data-autoplayspeed=\"2500\" data-autoplaypause=\"no\" data-loop=\"yes\" data-columns=\"2\" data-columnsmedium=\"0\" data-columnssmall=\"0\" data-itemmargin=\"40\" data-itemwidth=\"180\" data-touchscroll=\"no\" data-freemode=\"no\" data-imagesize=\"auto\" data-scrollitems=\"0\" data-mousepointer=\"default\" data-layout=\"slider\" data-centeredslides=\"no\" data-shadow=\"no\" data-speed=\"500\" data-rotationangle=\"50\" data-depth=\"100\" data-slide-effect=\"fade\"><div class=\"swiper-wrapper\"><div class=\"fusion_builder_column fusion-builder-column-2 fusion-flex-column post-card swiper-slide\" style=\"--awb-bg-color:var(--awb-color1);--awb-bg-color-hover:var(--awb-color1);--awb-bg-size:cover;--awb-flex-grow:0;--awb-flex-shrink:0;--awb-flex-grow-medium:0;--awb-flex-shrink-medium:0;--awb-flex-grow-small:0;--awb-flex-shrink-small:0;\"><div class=\"fusion-column-wrapper fusion-flex-justify-content-flex-start fusion-content-layout-column\"><div class=\"fusion-title title fusion-title-1 fusion-sep-none fusion-title-text fusion-title-size-four\" style=\"--awb-margin-right:20px;--awb-margin-bottom:6px;--awb-margin-left:20px;--awb-margin-right-small:20px;--awb-margin-left-small:20px;--awb-link-hover-color:var(--awb-color5);--awb-font-size:22px;\"><h4 class=\"fusion-title-heading title-heading-left fusion-responsive-typography-calculated\" style=\"margin:0;text-transform:capitalize;font-size:1em;--fontSize:22;--minFontSize:22;line-height:1.4;\"><a href=\"https:\/\/www.iscaschool.com\/pl\/elektroniczna-autoryzacja-podrozy\/\" class=\"awb-custom-text-color awb-custom-text-hover-color\" target=\"_self\">Elektroniczna autoryzacja podr\u00f3\u017cy<\/a><\/h4><\/div><div class=\"fusion-classic-product-image-wrapper fusion-woo-product-image fusion-post-card-image fusion-post-card-image-1 has-aspect-ratio\" data-layout=\"static\" style=\"--awb-margin-bottom:20px;--awb-aspect-ratio:1.6666666666667;\"><div  class=\"fusion-image-wrapper\" aria-haspopup=\"true\">\n\t\t\t\t\t\t\t<a href=\"https:\/\/www.iscaschool.com\/pl\/elektroniczna-autoryzacja-podrozy\/\" aria-label=\"Elektroniczna autoryzacja podr\u00f3\u017cy\">\n\t\t\t\t\t\t\t<img decoding=\"async\" width=\"1280\" height=\"720\" src=\"https:\/\/www.iscaschool.com\/wp-content\/uploads\/2025\/03\/Cover-for-ETA-guide.png\" class=\"attachment-full size-full wp-post-image\" alt=\"Electronic Travel Authorisation\" srcset=\"https:\/\/www.iscaschool.com\/wp-content\/uploads\/2025\/03\/Cover-for-ETA-guide-200x113.png 200w, https:\/\/www.iscaschool.com\/wp-content\/uploads\/2025\/03\/Cover-for-ETA-guide-400x225.png 400w, https:\/\/www.iscaschool.com\/wp-content\/uploads\/2025\/03\/Cover-for-ETA-guide-600x338.png 600w, https:\/\/www.iscaschool.com\/wp-content\/uploads\/2025\/03\/Cover-for-ETA-guide-800x450.png 800w, https:\/\/www.iscaschool.com\/wp-content\/uploads\/2025\/03\/Cover-for-ETA-guide-1200x675.png 1200w, https:\/\/www.iscaschool.com\/wp-content\/uploads\/2025\/03\/Cover-for-ETA-guide.png 1280w\" sizes=\"(min-width: 2200px) 100vw, (min-width: 732px) 620px, (min-width: 640px) 732px, \" \/>\t\t\t<\/a>\n\t\t\t\t\t\t\t<\/div>\n<\/div><div class=\"fusion-meta-tb fusion-meta-tb-1 floated\" style=\"--awb-border-bottom:0px;--awb-border-top:0px;--awb-height:36px;--awb-margin-bottom:30px;--awb-padding-left:20px;--awb-padding-right:20px;--awb-text-color:var(--awb-color6);--awb-alignment-medium:flex-start;--awb-alignment-small:flex-start;\"><span class=\"fusion-tb-author\"><span><a href=\"https:\/\/www.iscaschool.com\/pl\/author\/isca-school\/\" title=\"Wpisy od isca-school\" rel=\"author\">isca-school<\/a><\/span><\/span><span class=\"fusion-meta-tb-sep\">|<\/span><span class=\"fusion-tb-modified-date\">19 marca, 2025<\/span><span class=\"fusion-meta-tb-sep\">|<\/span><\/div><div class=\"fusion-builder-row fusion-builder-row-inner fusion-row fusion-flex-align-items-flex-start fusion-flex-content-wrap\" style=\"width:104% !important;max-width:104% !important;margin-left: calc(-4% \/ 2 );margin-right: calc(-4% \/ 2 );\"><div class=\"fusion-layout-column fusion_builder_column_inner fusion-builder-nested-column-0 fusion_builder_column_inner_1_2 1_2 fusion-flex-column\" style=\"--awb-padding-right:20px;--awb-padding-bottom:20px;--awb-padding-left:20px;--awb-bg-size:cover;--awb-width-large:50%;--awb-margin-top-large:0px;--awb-spacing-right-large:3.84%;--awb-margin-bottom-large:0px;--awb-spacing-left-large:3.84%;--awb-width-medium:50%;--awb-order-medium:0;--awb-spacing-right-medium:3.84%;--awb-spacing-left-medium:3.84%;--awb-width-small:100%;--awb-order-small:0;--awb-spacing-right-small:1.92%;--awb-spacing-left-small:1.92%;\"><div class=\"fusion-column-wrapper fusion-column-has-shadow fusion-flex-justify-content-flex-start fusion-content-layout-column\"><div ><a class=\"fusion-button button-flat button-medium button-custom fusion-button-default button-1 fusion-button-span-no fusion-button-default-type\" style=\"--button_accent_color:var(--awb-color7);--button_border_color:var(--awb-color7);--button_accent_hover_color:var(--awb-color1);--button_border_hover_color:var(--awb-color1);--button_gradient_top_color:var(--awb-color2);--button_gradient_bottom_color:var(--awb-color2);--button_gradient_top_color_hover:var(--awb-color5);--button_gradient_bottom_color_hover:var(--awb-color5);\" target=\"_self\" href=\"https:\/\/www.iscaschool.com\/pl\/elektroniczna-autoryzacja-podrozy\/\"><span class=\"fusion-button-text awb-button__text awb-button__text--default\">read more<\/span><\/a><\/div><\/div><\/div><\/div><\/div><\/div>\n<\/div><div class=\"awb-swiper-button awb-swiper-button-prev\"><i class=\"awb-icon-angle-left\" aria-hidden=\"true\"><\/i><\/div><div class=\"awb-swiper-button awb-swiper-button-next\"><i class=\"awb-icon-angle-right\" aria-hidden=\"true\"><\/i><\/div><\/div><div class=\"fusion-separator fusion-full-width-sep\" style=\"align-self: center;margin-left: auto;margin-right: auto;width:100%;\"><\/div><\/div><\/div><div class=\"fusion-layout-column fusion_builder_column fusion-builder-column-3 fusion_builder_column_1_3 1_3 fusion-flex-column\" style=\"--awb-bg-blend:overlay;--awb-bg-size:cover;--awb-width-large:33.333333333333%;--awb-flex-grow:0;--awb-flex-shrink:0;--awb-margin-top-large:10px;--awb-spacing-right-large:5.76%;--awb-margin-bottom-large:10px;--awb-spacing-left-large:3.84%;--awb-width-medium:100%;--awb-flex-grow-medium:0;--awb-flex-shrink-medium:0;--awb-spacing-right-medium:1.92%;--awb-spacing-left-medium:1.92%;--awb-width-small:100%;--awb-flex-grow-small:0;--awb-flex-shrink-small:0;--awb-spacing-right-small:1.92%;--awb-spacing-left-small:1.92%;\"><div class=\"fusion-column-wrapper fusion-flex-justify-content-flex-start fusion-content-layout-column\"><div class=\"fusion-separator fusion-full-width-sep\" style=\"align-self: center;margin-left: auto;margin-right: auto;margin-top:16px;margin-bottom:16px;width:100%;\"><\/div><\/div><\/div><\/div><\/div><div class=\"fusion-fullwidth fullwidth-box fusion-builder-row-3 fusion-flex-container nonhundred-percent-fullwidth non-hundred-percent-height-scrolling\" style=\"--awb-background-position:left top;--awb-border-sizes-top:0px;--awb-border-sizes-bottom:0px;--awb-border-sizes-left:0px;--awb-border-sizes-right:0px;--awb-border-radius-top-left:0px;--awb-border-radius-top-right:0px;--awb-border-radius-bottom-right:0px;--awb-border-radius-bottom-left:0px;--awb-padding-top:0px;--awb-padding-bottom:96px;--awb-background-color:var(--awb-color2);--awb-flex-wrap:wrap;\" ><div class=\"fusion-builder-row fusion-row fusion-flex-align-items-flex-start fusion-flex-content-wrap\" style=\"max-width:calc( 1280px + 0px );margin-left: calc(-0px \/ 2 );margin-right: calc(-0px \/ 2 );\"><div class=\"fusion-layout-column fusion_builder_column fusion-builder-column-4 fusion_builder_column_1_1 1_1 fusion-flex-column fusion-flex-align-self-flex-start fusion-column-no-min-height\" style=\"--awb-bg-blend:overlay;--awb-bg-size:cover;--awb-width-large:100%;--awb-flex-grow:0;--awb-flex-shrink:0;--awb-margin-top-large:0px;--awb-spacing-right-large:0px;--awb-margin-bottom-large:0px;--awb-spacing-left-large:0px;--awb-width-medium:100%;--awb-flex-grow-medium:0;--awb-flex-shrink-medium:0;--awb-spacing-right-medium:0px;--awb-spacing-left-medium:0px;--awb-width-small:100%;--awb-flex-grow-small:0;--awb-flex-shrink-small:0;--awb-spacing-right-small:0px;--awb-spacing-left-small:0px;\"><div class=\"fusion-column-wrapper fusion-flex-justify-content-flex-start fusion-content-layout-column\"><\/div><\/div><\/div><\/div><div class=\"fusion-bg-parallax\" data-bg-align=\"center center\" data-direction=\"up\" data-mute=\"false\" data-opacity=\"100\" data-velocity=\"-0.3\" data-mobile-enabled=\"false\" data-break_parents=\"0\" data-bg-image=\"https:\/\/www.iscaschool.com\/wp-content\/uploads\/2024\/02\/Isca-Youarehere.jpg\" data-bg-repeat=\"false\" data-bg-color=\"var(--awb-color4)\" ><\/div><div class=\"fusion-fullwidth fullwidth-box fusion-builder-row-4 fusion-flex-container has-pattern-background has-mask-background fusion-parallax-up nonhundred-percent-fullwidth non-hundred-percent-height-scrolling\" style=\"--awb-border-sizes-top:0px;--awb-border-sizes-bottom:0px;--awb-border-sizes-left:0px;--awb-border-sizes-right:0px;--awb-border-radius-top-left:0px;--awb-border-radius-top-right:0px;--awb-border-radius-bottom-right:0px;--awb-border-radius-bottom-left:0px;--awb-padding-top:200px;--awb-padding-bottom:200px;--awb-background-color:var(--awb-color4);--awb-background-image:url(&quot;https:\/\/www.iscaschool.com\/wp-content\/uploads\/2024\/02\/Isca-Youarehere.jpg&quot;);--awb-background-size:cover;--awb-flex-wrap:wrap;\" ><div class=\"fusion-builder-row fusion-row fusion-flex-align-items-flex-start fusion-flex-content-wrap\" style=\"max-width:calc( 1280px + 0px );margin-left: calc(-0px \/ 2 );margin-right: calc(-0px \/ 2 );\"><div class=\"fusion-layout-column fusion_builder_column fusion-builder-column-5 fusion_builder_column_1_1 1_1 fusion-flex-column fusion-flex-align-self-flex-start fusion-column-no-min-height\" style=\"--awb-bg-blend:overlay;--awb-bg-size:cover;--awb-width-large:100%;--awb-flex-grow:0;--awb-flex-shrink:0;--awb-margin-top-large:0px;--awb-spacing-right-large:0px;--awb-margin-bottom-large:0px;--awb-spacing-left-large:0px;--awb-width-medium:100%;--awb-flex-grow-medium:0;--awb-flex-shrink-medium:0;--awb-spacing-right-medium:0px;--awb-spacing-left-medium:0px;--awb-width-small:100%;--awb-flex-grow-small:0;--awb-flex-shrink-small:0;--awb-spacing-right-small:0px;--awb-spacing-left-small:0px;\"><div class=\"fusion-column-wrapper fusion-flex-justify-content-flex-start fusion-content-layout-column\"><div class=\"fusion-title title fusion-title-2 fusion-sep-none fusion-title-center fusion-title-text fusion-title-size-two\" style=\"--awb-text-color:var(--awb-color1);--awb-font-size:54px;\"><h2 class=\"fusion-title-heading title-heading-center fusion-responsive-typography-calculated\" style=\"margin:0;text-transform:capitalize;font-size:1em;--fontSize:54;line-height:2;\">R\u00d3\u017bNICA ISCA<\/h2><\/div><div class=\"fusion-title title fusion-title-3 fusion-sep-none fusion-title-center fusion-title-text fusion-title-size-three\" style=\"--awb-text-color:var(--awb-color1);\"><h3 class=\"fusion-title-heading title-heading-center fusion-responsive-typography-calculated\" style=\"margin:0;text-transform:capitalize;--fontSize:24;--minFontSize:24;line-height:2;\">Wierzymy, \u017ce nie ma dw\u00f3ch takich samych uczni\u00f3w i ka\u017cdy zas\u0142uguje na to, co najlepsze. Po\u015bwi\u0119camy czas, aby Ci\u0119 pozna\u0107, aby\u015b m\u00f3g\u0142 cieszy\u0107 si\u0119 idealnym kursem j\u0119zyka angielskiego z nami!<\/h3><\/div><div class=\"fusion-separator fusion-full-width-sep\" style=\"align-self: center;margin-left: auto;margin-right: auto;margin-top:20px;margin-bottom:20px;width:100%;\"><\/div><div style=\"text-align:center;\"><a class=\"fusion-button button-flat fusion-button-default-size button-default fusion-button-default button-2 fusion-button-default-span fusion-button-default-type\" style=\"width:calc(100%);\" target=\"_self\" href=\"https:\/\/www.iscaschool.com\/book-your-course\/\"><span class=\"fusion-button-text awb-button__text awb-button__text--default\">Zarezerwuj kurs angielskiego<\/span><\/a><\/div><\/div><\/div><\/div><\/div><\/p>\n","protected":false},"excerpt":{"rendered":"","protected":false},"author":1,"featured_media":0,"parent":0,"menu_order":0,"comment_status":"closed","ping_status":"closed","template":"100-width.php","meta":{"_acf_changed":false,"footnotes":""},"class_list":["post-15358","page","type-page","status-publish","hentry"],"acf":[],"yoast_head":"<!-- This site is optimized with the Yoast SEO Premium plugin v27.4 (Yoast SEO v27.4) - https:\/\/yoast.com\/product\/yoast-seo-premium-wordpress\/ -->\n<title>Blog szko\u0142y j\u0119zyka angielskiego<\/title>\n<meta name=\"description\" content=\"Blog szko\u0142y j\u0119zyka angielskiego, Dlaczego warto uczy\u0107 si\u0119 angielskiego, Jak uczy\u0107 si\u0119 angielskiego, Nasze historie, Isca School of English\" \/>\n<meta name=\"robots\" content=\"index, follow, max-snippet:-1, max-image-preview:large, max-video-preview:-1\" \/>\n<link rel=\"canonical\" href=\"https:\/\/www.iscaschool.com\/pl\/blog\/\" \/>\n<meta property=\"og:locale\" content=\"pl_PL\" \/>\n<meta property=\"og:type\" content=\"article\" \/>\n<meta property=\"og:title\" content=\"Blog\" \/>\n<meta property=\"og:description\" content=\"Blog szko\u0142y j\u0119zyka angielskiego, Dlaczego warto uczy\u0107 si\u0119 angielskiego, Jak uczy\u0107 si\u0119 angielskiego, Nasze historie, Isca School of English\" \/>\n<meta property=\"og:url\" content=\"https:\/\/www.iscaschool.com\/pl\/blog\/\" \/>\n<meta property=\"og:site_name\" content=\"Isca School of English\" \/>\n<meta property=\"article:publisher\" content=\"https:\/\/www.facebook.com\/iscaschool\/\" \/>\n<meta property=\"article:modified_time\" content=\"2025-03-12T12:28:03+00:00\" \/>\n<meta name=\"twitter:card\" content=\"summary_large_image\" \/>\n<meta name=\"twitter:label1\" content=\"Szacowany czas czytania\" \/>\n\t<meta name=\"twitter:data1\" content=\"22 minuty\" \/>\n<script type=\"application\/ld+json\" class=\"yoast-schema-graph\">{\"@context\":\"https:\\\/\\\/schema.org\",\"@graph\":[{\"@type\":\"WebPage\",\"@id\":\"https:\\\/\\\/www.iscaschool.com\\\/pl\\\/blog\\\/\",\"url\":\"https:\\\/\\\/www.iscaschool.com\\\/pl\\\/blog\\\/\",\"name\":\"Blog szko\u0142y j\u0119zyka angielskiego\",\"isPartOf\":{\"@id\":\"https:\\\/\\\/www.iscaschool.com\\\/pl\\\/#website\"},\"datePublished\":\"2020-03-20T09:25:11+00:00\",\"dateModified\":\"2025-03-12T12:28:03+00:00\",\"description\":\"Blog szko\u0142y j\u0119zyka angielskiego, Dlaczego warto uczy\u0107 si\u0119 angielskiego, Jak uczy\u0107 si\u0119 angielskiego, Nasze historie, Isca School of English\",\"breadcrumb\":{\"@id\":\"https:\\\/\\\/www.iscaschool.com\\\/pl\\\/blog\\\/#breadcrumb\"},\"inLanguage\":\"pl-PL\",\"potentialAction\":[{\"@type\":\"ReadAction\",\"target\":[\"https:\\\/\\\/www.iscaschool.com\\\/pl\\\/blog\\\/\"]}]},{\"@type\":\"BreadcrumbList\",\"@id\":\"https:\\\/\\\/www.iscaschool.com\\\/pl\\\/blog\\\/#breadcrumb\",\"itemListElement\":[{\"@type\":\"ListItem\",\"position\":1,\"name\":\"Home\",\"item\":\"https:\\\/\\\/www.iscaschool.com\\\/pl\\\/strona-glowna\\\/\"},{\"@type\":\"ListItem\",\"position\":2,\"name\":\"Blog\"}]},{\"@type\":\"WebSite\",\"@id\":\"https:\\\/\\\/www.iscaschool.com\\\/pl\\\/#website\",\"url\":\"https:\\\/\\\/www.iscaschool.com\\\/pl\\\/\",\"name\":\"Isca School of English\",\"description\":\"English Courses for Teenagers\",\"publisher\":{\"@id\":\"https:\\\/\\\/www.iscaschool.com\\\/pl\\\/#organization\"},\"alternateName\":\"English Language School\",\"potentialAction\":[{\"@type\":\"SearchAction\",\"target\":{\"@type\":\"EntryPoint\",\"urlTemplate\":\"https:\\\/\\\/www.iscaschool.com\\\/pl\\\/?s={search_term_string}\"},\"query-input\":{\"@type\":\"PropertyValueSpecification\",\"valueRequired\":true,\"valueName\":\"search_term_string\"}}],\"inLanguage\":\"pl-PL\"},{\"@type\":\"Organization\",\"@id\":\"https:\\\/\\\/www.iscaschool.com\\\/pl\\\/#organization\",\"name\":\"Isca School of English - Exeter\",\"alternateName\":\"Isca - Exeter\",\"url\":\"https:\\\/\\\/www.iscaschool.com\\\/pl\\\/\",\"logo\":{\"@type\":\"ImageObject\",\"inLanguage\":\"pl-PL\",\"@id\":\"https:\\\/\\\/www.iscaschool.com\\\/pl\\\/#\\\/schema\\\/logo\\\/image\\\/\",\"url\":\"https:\\\/\\\/www.iscaschool.com\\\/wp-content\\\/uploads\\\/2020\\\/03\\\/logo_footer-1.svg\",\"contentUrl\":\"https:\\\/\\\/www.iscaschool.com\\\/wp-content\\\/uploads\\\/2020\\\/03\\\/logo_footer-1.svg\",\"width\":512,\"height\":512,\"caption\":\"Isca School of English - Exeter\"},\"image\":{\"@id\":\"https:\\\/\\\/www.iscaschool.com\\\/pl\\\/#\\\/schema\\\/logo\\\/image\\\/\"},\"sameAs\":[\"https:\\\/\\\/www.facebook.com\\\/iscaschool\\\/\",\"https:\\\/\\\/www.instagram.com\\\/iscaschoolofenglish\\\/\",\"https:\\\/\\\/www.linkedin.com\\\/company\\\/isca-school-of-english\\\/mycompany\\\/?viewAsMember=true\"],\"description\":\"English Language School offering General English Summer Courses for international teenagers (14-17) with A2-C1 level and English Course Ministays & School Group English courses in the academic year. We are a family-run independent English Language School that was opened in 1966 by the current principal's grandparents\",\"email\":\"study@iscaschool.com\",\"telephone\":\"+441392255342\",\"legalName\":\"Isca School of English\",\"foundingDate\":\"1966-11-06\",\"numberOfEmployees\":{\"@type\":\"QuantitativeValue\",\"minValue\":\"1\",\"maxValue\":\"10\"}}]}<\/script>\n<!-- \/ Yoast SEO Premium plugin. -->","yoast_head_json":{"title":"Blog szko\u0142y j\u0119zyka angielskiego","description":"Blog szko\u0142y j\u0119zyka angielskiego, Dlaczego warto uczy\u0107 si\u0119 angielskiego, Jak uczy\u0107 si\u0119 angielskiego, Nasze historie, Isca School of English","robots":{"index":"index","follow":"follow","max-snippet":"max-snippet:-1","max-image-preview":"max-image-preview:large","max-video-preview":"max-video-preview:-1"},"canonical":"https:\/\/www.iscaschool.com\/pl\/blog\/","og_locale":"pl_PL","og_type":"article","og_title":"Blog","og_description":"Blog szko\u0142y j\u0119zyka angielskiego, Dlaczego warto uczy\u0107 si\u0119 angielskiego, Jak uczy\u0107 si\u0119 angielskiego, Nasze historie, Isca School of English","og_url":"https:\/\/www.iscaschool.com\/pl\/blog\/","og_site_name":"Isca School of English","article_publisher":"https:\/\/www.facebook.com\/iscaschool\/","article_modified_time":"2025-03-12T12:28:03+00:00","twitter_card":"summary_large_image","twitter_misc":{"Szacowany czas czytania":"22 minuty"},"schema":{"@context":"https:\/\/schema.org","@graph":[{"@type":"WebPage","@id":"https:\/\/www.iscaschool.com\/pl\/blog\/","url":"https:\/\/www.iscaschool.com\/pl\/blog\/","name":"Blog szko\u0142y j\u0119zyka angielskiego","isPartOf":{"@id":"https:\/\/www.iscaschool.com\/pl\/#website"},"datePublished":"2020-03-20T09:25:11+00:00","dateModified":"2025-03-12T12:28:03+00:00","description":"Blog szko\u0142y j\u0119zyka angielskiego, Dlaczego warto uczy\u0107 si\u0119 angielskiego, Jak uczy\u0107 si\u0119 angielskiego, Nasze historie, Isca School of English","breadcrumb":{"@id":"https:\/\/www.iscaschool.com\/pl\/blog\/#breadcrumb"},"inLanguage":"pl-PL","potentialAction":[{"@type":"ReadAction","target":["https:\/\/www.iscaschool.com\/pl\/blog\/"]}]},{"@type":"BreadcrumbList","@id":"https:\/\/www.iscaschool.com\/pl\/blog\/#breadcrumb","itemListElement":[{"@type":"ListItem","position":1,"name":"Home","item":"https:\/\/www.iscaschool.com\/pl\/strona-glowna\/"},{"@type":"ListItem","position":2,"name":"Blog"}]},{"@type":"WebSite","@id":"https:\/\/www.iscaschool.com\/pl\/#website","url":"https:\/\/www.iscaschool.com\/pl\/","name":"Isca School of English","description":"English Courses for Teenagers","publisher":{"@id":"https:\/\/www.iscaschool.com\/pl\/#organization"},"alternateName":"English Language School","potentialAction":[{"@type":"SearchAction","target":{"@type":"EntryPoint","urlTemplate":"https:\/\/www.iscaschool.com\/pl\/?s={search_term_string}"},"query-input":{"@type":"PropertyValueSpecification","valueRequired":true,"valueName":"search_term_string"}}],"inLanguage":"pl-PL"},{"@type":"Organization","@id":"https:\/\/www.iscaschool.com\/pl\/#organization","name":"Isca School of English - Exeter","alternateName":"Isca - Exeter","url":"https:\/\/www.iscaschool.com\/pl\/","logo":{"@type":"ImageObject","inLanguage":"pl-PL","@id":"https:\/\/www.iscaschool.com\/pl\/#\/schema\/logo\/image\/","url":"https:\/\/www.iscaschool.com\/wp-content\/uploads\/2020\/03\/logo_footer-1.svg","contentUrl":"https:\/\/www.iscaschool.com\/wp-content\/uploads\/2020\/03\/logo_footer-1.svg","width":512,"height":512,"caption":"Isca School of English - Exeter"},"image":{"@id":"https:\/\/www.iscaschool.com\/pl\/#\/schema\/logo\/image\/"},"sameAs":["https:\/\/www.facebook.com\/iscaschool\/","https:\/\/www.instagram.com\/iscaschoolofenglish\/","https:\/\/www.linkedin.com\/company\/isca-school-of-english\/mycompany\/?viewAsMember=true"],"description":"English Language School offering General English Summer Courses for international teenagers (14-17) with A2-C1 level and English Course Ministays & School Group English courses in the academic year. We are a family-run independent English Language School that was opened in 1966 by the current principal's grandparents","email":"study@iscaschool.com","telephone":"+441392255342","legalName":"Isca School of English","foundingDate":"1966-11-06","numberOfEmployees":{"@type":"QuantitativeValue","minValue":"1","maxValue":"10"}}]}},"_links":{"self":[{"href":"https:\/\/www.iscaschool.com\/pl\/wp-json\/wp\/v2\/pages\/15358","targetHints":{"allow":["GET"]}}],"collection":[{"href":"https:\/\/www.iscaschool.com\/pl\/wp-json\/wp\/v2\/pages"}],"about":[{"href":"https:\/\/www.iscaschool.com\/pl\/wp-json\/wp\/v2\/types\/page"}],"author":[{"embeddable":true,"href":"https:\/\/www.iscaschool.com\/pl\/wp-json\/wp\/v2\/users\/1"}],"replies":[{"embeddable":true,"href":"https:\/\/www.iscaschool.com\/pl\/wp-json\/wp\/v2\/comments?post=15358"}],"version-history":[{"count":2,"href":"https:\/\/www.iscaschool.com\/pl\/wp-json\/wp\/v2\/pages\/15358\/revisions"}],"predecessor-version":[{"id":15360,"href":"https:\/\/www.iscaschool.com\/pl\/wp-json\/wp\/v2\/pages\/15358\/revisions\/15360"}],"wp:attachment":[{"href":"https:\/\/www.iscaschool.com\/pl\/wp-json\/wp\/v2\/media?parent=15358"}],"curies":[{"name":"wp","href":"https:\/\/api.w.org\/{rel}","templated":true}]}}